{"id":808,"date":"2025-05-08T13:48:03","date_gmt":"2025-05-08T11:48:03","guid":{"rendered":"https:\/\/adadepaula.com\/?page_id=808"},"modified":"2026-01-15T18:32:46","modified_gmt":"2026-01-15T17:32:46","slug":"aviso-legal","status":"publish","type":"page","link":"https:\/\/adadepaula.com\/en\/aviso-legal\/","title":{"rendered":"Aviso legal"},"content":{"rendered":"<p>Este sitio web es titularidad de <strong>ADA DE PAULA, S.L.U.<\/strong> y tiene como finalidad la presentaci\u00f3n profesional de <strong>Ada de Paula<\/strong>, as\u00ed como la difusi\u00f3n de su trayectoria, experiencia y enfoque profesional en el \u00e1mbito del marketing estrat\u00e9gico y la direcci\u00f3n de marketing en modalidad fractional.<\/p>\n\n\n\n<p><strong>Titular:<\/strong> ADA DE PAULA, S.L.U.<br><strong>CIF:<\/strong> B23912371<br><strong>Correo de contacto:<\/strong> <a>soy@adadepaula.com<\/a><br><strong>Sitio web:<\/strong> adadepaula.com<\/p>\n\n\n\n<p>La informaci\u00f3n contenida en este sitio web es de car\u00e1cter informativo y orientativo.<br>La prestaci\u00f3n de servicios profesionales, en su caso, se formalizar\u00e1 siempre mediante acuerdo expreso entre las partes y no se entender\u00e1 iniciada por el mero acceso o contacto a trav\u00e9s de esta web.<\/p>\n\n\n\n<p>Los contenidos publicados son titularidad de ADA DE PAULA, S.L.U. o se utilizan con la correspondiente licencia, y no podr\u00e1n ser reproducidos, distribuidos o utilizados sin autorizaci\u00f3n previa.<\/p>","protected":false},"excerpt":{"rendered":"<p>Este sitio web es titularidad de ADA DE PAULA, S.L.U. y tiene como finalidad la presentaci\u00f3n profesional de Ada de Paula, as\u00ed como la difusi\u00f3n de su trayectoria, experiencia y enfoque profesional en el \u00e1mbito del marketing estrat\u00e9gico y la direcci\u00f3n de marketing en modalidad fractional. Titular: ADA DE PAULA, S.L.U.CIF: B23912371Correo de contacto: soy@adadepaula.comSitio [&hellip;]<\/p>","protected":false},"author":1,"featured_media":0,"parent":0,"menu_order":0,"comment_status":"closed","ping_status":"closed","template":"","meta":{"footnotes":""},"class_list":["post-808","page","type-page","status-publish","hentry"],"_links":{"self":[{"href":"https:\/\/adadepaula.com\/en\/wp-json\/wp\/v2\/pages\/808","targetHints":{"allow":["GET"]}}],"collection":[{"href":"https:\/\/adadepaula.com\/en\/wp-json\/wp\/v2\/pages"}],"about":[{"href":"https:\/\/adadepaula.com\/en\/wp-json\/wp\/v2\/types\/page"}],"author":[{"embeddable":true,"href":"https:\/\/adadepaula.com\/en\/wp-json\/wp\/v2\/users\/1"}],"replies":[{"embeddable":true,"href":"https:\/\/adadepaula.com\/en\/wp-json\/wp\/v2\/comments?post=808"}],"version-history":[{"count":3,"href":"https:\/\/adadepaula.com\/en\/wp-json\/wp\/v2\/pages\/808\/revisions"}],"predecessor-version":[{"id":914,"href":"https:\/\/adadepaula.com\/en\/wp-json\/wp\/v2\/pages\/808\/revisions\/914"}],"wp:attachment":[{"href":"https:\/\/adadepaula.com\/en\/wp-json\/wp\/v2\/media?parent=808"}],"curies":[{"name":"wp","href":"https:\/\/api.w.org\/{rel}","templated":true}]}}